{"id":924,"date":"2018-11-21T21:09:00","date_gmt":"2018-11-22T00:09:00","guid":{"rendered":"http:\/\/www.curimapu.com\/semillas\/?page_id=924"},"modified":"2022-04-20T12:06:44","modified_gmt":"2022-04-20T15:06:44","slug":"contacto","status":"publish","type":"page","link":"https:\/\/www.curimapu.com\/semillas\/contacto\/","title":{"rendered":"Contacto"},"content":{"rendered":"<p>[vc_row full_width=\u00bbstretch_row_content_no_spaces\u00bb content_placement=\u00bbmiddle\u00bb vc_row_background=\u00bb\u00bb css=\u00bb.vc_custom_1650307285022{margin-top: 0px !important;margin-right: 0px !important;margin-bottom: 0px !important;margin-left: 0px !important;border-top-width: 0px !important;border-right-width: 0px !important;border-bottom-width: 0px !important;border-left-width: 0px !important;padding-top: 0px !important;padding-right: 0px !important;padding-bottom: 0px !important;padding-left: 0px !important;background-image: url(https:\/\/www.curimapu.com\/semillas\/wp-content\/uploads\/2022\/04\/BackgroundHistoria.jpg?id=1561) !important;background-position: center !important;background-repeat: no-repeat !important;background-size: cover !important;}\u00bb][vc_column css=\u00bb.vc_custom_1634763018797{padding-top: 0px !important;padding-right: 100px !important;padding-bottom: 0px !important;padding-left: 100px !important;}\u00bb][vc_row_inner css=\u00bb.vc_custom_1634764398760{padding-top: 50px !important;padding-right: 10% !important;padding-bottom: 40px !important;padding-left: 10% !important;}\u00bb][vc_column_inner][vc_custom_heading text=\u00bbCont\u00e1ctenos\u00bb font_container=\u00bbtag:h3|font_size:38px|text_align:center|color:%23ffffff|line_height:1.2em\u00bb google_fonts=\u00bbfont_family:Lora%3Aregular%2Citalic%2C700%2C700italic|font_style:700%20bold%20regular%3A700%3Anormal\u00bb css=\u00bb.vc_custom_1650307295374{margin-top: 0px !important;margin-bottom: 24px !important;}\u00bb][vc_column_text]<\/p>\n<p style=\"text-align: center;\"><span style=\"color: #ffffff;\">En Curimapu somos un Holding Empresarial expertos en la reproducci\u00f3n de Semillas de todo tipo, actualmente con presencia en Chile y Peru, exportamos nuestra semillas a todo el Mundo.<\/span><\/p>\n<p>[\/vc_column_text][\/vc_column_inner][\/vc_row_inner][\/vc_column][\/vc_row][vc_row full_width=\u00bbstretch_row\u00bb enable_overlay=\u00bbenable_overlay_value\u00bb overlay_color=\u00bbrgba(0,0,0,0.31)\u00bb vc_row_background=\u00bb\u00bb bg_type=\u00bbimage\u00bb el_class=\u00bb.jeg_sidebar_left\u00bb css=\u00bb.vc_custom_1650313150043{padding-top: 90px !important;padding-bottom: 90px !important;background-image: url(https:\/\/www.curimapu.com\/semillas\/wp-content\/uploads\/2022\/04\/portada-maiz.png?id=1558) !important;background-position: center !important;background-repeat: no-repeat !important;background-size: cover !important;}\u00bb][vc_column][vc_row_inner content_placement=\u00bbtop\u00bb][vc_column_inner width=\u00bb1\/2&#8243;][vc_custom_heading text=\u00bb\u00a1Trabajemos Juntos!\u00bb font_container=\u00bbtag:h3|font_size:30px|text_align:center|color:%23ffffff|line_height:1.2em\u00bb google_fonts=\u00bbfont_family:Lora%3Aregular%2Citalic%2C700%2C700italic|font_style:700%20bold%20regular%3A700%3Anormal\u00bb css=\u00bb.vc_custom_1650308291664{margin-top: 0px !important;margin-bottom: 24px !important;}\u00bb][vc_column_text]<\/p>\n<p style=\"text-align: center;\">Si deseas consultar mayor informaci\u00f3n sobre nuestros servicios o tienes alguna duda al respecto, no dudes en contactarnos y te contactaremos a la brevedad.<\/p>\n<p>[\/vc_column_text][\/vc_column_inner][vc_column_inner width=\u00bb1\/2&#8243;]<div role=\"form\" class=\"wpcf7\" id=\"wpcf7-f4-o1\" lang=\"es-ES\" dir=\"ltr\">\n<div class=\"screen-reader-response\"><p role=\"status\" aria-live=\"polite\" aria-atomic=\"true\"><\/p> <ul><\/ul><\/div>\n<form action=\"\/semillas\/wp-json\/wp\/v2\/pages\/924#wpcf7-f4-o1\" method=\"post\" class=\"wpcf7-form init\" novalidate=\"novalidate\" data-status=\"init\">\n<div style=\"display: none;\">\n<input type=\"hidden\" name=\"_wpcf7\" value=\"4\" \/>\n<input type=\"hidden\" name=\"_wpcf7_version\" value=\"5.5.6\" \/>\n<input type=\"hidden\" name=\"_wpcf7_locale\" value=\"es_ES\" \/>\n<input type=\"hidden\" name=\"_wpcf7_unit_tag\" value=\"wpcf7-f4-o1\" \/>\n<input type=\"hidden\" name=\"_wpcf7_container_post\" value=\"0\" \/>\n<input type=\"hidden\" name=\"_wpcf7_posted_data_hash\" value=\"\" \/>\n<\/div>\n<div class=\"form-group\">\n<p><span class=\"wpcf7-form-control-wrap nombre\"><input type=\"text\" name=\"nombre\" value=\"\" size=\"40\" class=\"wpcf7-form-control wpcf7-text wpcf7-validates-as-required\" aria-required=\"true\" aria-invalid=\"false\" placeholder=\"Nombre\" \/><\/span><\/p>\n<p><span class=\"wpcf7-form-control-wrap email\"><input type=\"text\" name=\"email\" value=\"\" size=\"40\" class=\"wpcf7-form-control wpcf7-text wpcf7-validates-as-required\" aria-required=\"true\" aria-invalid=\"false\" placeholder=\"E-mail\" \/><\/span><\/p>\n<\/div>\n<div class=\"form-group\">\n<p><span class=\"wpcf7-form-control-wrap tel\"><input type=\"text\" name=\"tel\" value=\"\" size=\"40\" class=\"wpcf7-form-control wpcf7-text wpcf7-validates-as-required\" aria-required=\"true\" aria-invalid=\"false\" placeholder=\"Telefono\" \/><\/span><\/p>\n<p><span class=\"wpcf7-form-control-wrap asunto\"><input type=\"text\" name=\"asunto\" value=\"\" size=\"40\" class=\"wpcf7-form-control wpcf7-text wpcf7-validates-as-required\" aria-required=\"true\" aria-invalid=\"false\" placeholder=\"Asunto\" \/><\/span><\/p>\n<\/div>\n<p><span class=\"wpcf7-form-control-wrap mensaje\"><textarea name=\"mensaje\" cols=\"40\" rows=\"5\" class=\"wpcf7-form-control wpcf7-textarea\" aria-invalid=\"false\" placeholder=\"Mensaje\"><\/textarea><\/span><\/p>\n<p class=\"form-group-btn\"><input type=\"submit\" value=\"Enviar Mensaje\" class=\"wpcf7-form-control has-spinner wpcf7-submit btn\" \/><\/p>\n<input type='hidden' class='wpcf7-pum' value='{\"closepopup\":false,\"closedelay\":0,\"openpopup\":false,\"openpopup_id\":0}' \/><div class=\"wpcf7-response-output\" aria-hidden=\"true\"><\/div><\/form><\/div>[\/vc_column_inner][\/vc_row_inner][\/vc_column][vc_column el_id=\u00bbsociales\u00bb][vc_row_inner][vc_column_inner width=\u00bb1\/4&#8243;][vc_custom_heading text=\u00bb<strong>Tel\u00e9fono<\/strong>\u00bb font_container=\u00bbtag:h3|font_size:18px|text_align:center|color:%23ffffff\u00bb use_theme_fonts=\u00bbyes\u00bb][vc_custom_heading text=\u00bb+56 42 2971380&#8243; font_container=\u00bbtag:p|text_align:center|color:%23ffffff\u00bb use_theme_fonts=\u00bbyes\u00bb][\/vc_column_inner][vc_column_inner width=\u00bb1\/4&#8243;][vc_custom_heading text=\u00bb<strong>Ubicacion<\/strong>\u00bb font_container=\u00bbtag:h3|font_size:18px|text_align:center|color:%23ffffff\u00bb use_theme_fonts=\u00bbyes\u00bb][vc_custom_heading text=\u00bb\u00d1uble Rupanco 165, Chill\u00e1n, Regi\u00f3n de \u00d1uble\u00bb font_container=\u00bbtag:p|text_align:center|color:%23ffffff\u00bb use_theme_fonts=\u00bbyes\u00bb][\/vc_column_inner][vc_column_inner width=\u00bb1\/4&#8243;][vc_custom_heading text=\u00bb<strong>Contacto<\/strong>\u00bb font_container=\u00bbtag:h3|font_size:18px|text_align:center|color:%23ffffff\u00bb use_theme_fonts=\u00bbyes\u00bb][vc_custom_heading text=\u00bbsemillas@curimapu.com\u00bb font_container=\u00bbtag:p|text_align:center|color:%23ffffff\u00bb use_theme_fonts=\u00bbyes\u00bb][\/vc_column_inner][vc_column_inner width=\u00bb1\/4&#8243;][vc_custom_heading text=\u00bb<strong>Sociales<\/strong>\u00bb font_container=\u00bbtag:h3|font_size:18px|text_align:center|color:%23ffffff\u00bb use_theme_fonts=\u00bbyes\u00bb][vc_column_text]<\/p>\n<p style=\"text-align: center;\"><span style=\"color: #ffffff;\"><a style=\"color: #ffffff;\" href=\"https:\/\/www.instagram.com\/curimapusemillas\/\">Instagram<\/a><\/span><br \/>\n<span style=\"color: #ffffff;\"><a style=\"color: #ffffff;\" href=\"https:\/\/www.linkedin.com\/company\/curimapusemillas\">Linkedin<\/a><\/span><br \/>\n<span style=\"color: #ffffff;\"><a style=\"color: #ffffff;\" href=\"https:\/\/es-la.facebook.com\/CurimapuSemillas\/\">Facebook<\/a><\/span><\/p>\n<p>[\/vc_column_text][\/vc_column_inner][\/vc_row_inner][\/vc_column][\/vc_row]<\/p>\n","protected":false},"excerpt":{"rendered":"<p>[vc_row full_width=\u00bbstretch_row_content_no_spaces\u00bb content_placement=\u00bbmiddle\u00bb vc_row_background=\u00bb\u00bb css=\u00bb.vc_custom_1650307285022{margin-top: 0px !important;margin-right: 0px !important;margin-bottom: 0px !important;margin-left: 0px !important;border-top-width: 0px !important;border-right-width: 0px !important;border-bottom-width: 0px !important;border-left-width: 0px !important;padding-top: 0px !important;padding-right: 0px !important;padding-bottom: 0px !important;padding-left: 0px !important;background-image: url(https:\/\/www.curimapu.com\/semillas\/wp-content\/uploads\/2022\/04\/BackgroundHistoria.jpg?id=1561) !important;background-position: center !important;background-repeat: no-repeat !important;background-size: cover !important;}\u00bb][vc_column css=\u00bb.vc_custom_1634763018797{padding-top: 0px !important;padding-right: 100px !important;padding-bottom: 0px !important;padding-left: 100px !important;}\u00bb][vc_row_inner css=\u00bb.vc_custom_1634764398760{padding-top: 50px !important;padding-right: 10% !important;padding-bottom: 40px !important;padding-left: 10% !important;}\u00bb][vc_column_inner][vc_custom_heading [&hellip;]<\/p>\n","protected":false},"author":1,"featured_media":0,"parent":0,"menu_order":0,"comment_status":"closed","ping_status":"closed","template":"template-builder.php","meta":{"om_disable_all_campaigns":false},"aioseo_notices":[],"_links":{"self":[{"href":"https:\/\/www.curimapu.com\/semillas\/wp-json\/wp\/v2\/pages\/924"}],"collection":[{"href":"https:\/\/www.curimapu.com\/semillas\/wp-json\/wp\/v2\/pages"}],"about":[{"href":"https:\/\/www.curimapu.com\/semillas\/wp-json\/wp\/v2\/types\/page"}],"author":[{"embeddable":true,"href":"https:\/\/www.curimapu.com\/semillas\/wp-json\/wp\/v2\/users\/1"}],"replies":[{"embeddable":true,"href":"https:\/\/www.curimapu.com\/semillas\/wp-json\/wp\/v2\/comments?post=924"}],"version-history":[{"count":23,"href":"https:\/\/www.curimapu.com\/semillas\/wp-json\/wp\/v2\/pages\/924\/revisions"}],"predecessor-version":[{"id":1602,"href":"https:\/\/www.curimapu.com\/semillas\/wp-json\/wp\/v2\/pages\/924\/revisions\/1602"}],"wp:attachment":[{"href":"https:\/\/www.curimapu.com\/semillas\/wp-json\/wp\/v2\/media?parent=924"}],"curies":[{"name":"wp","href":"https:\/\/api.w.org\/{rel}","templated":true}]}}