{"id":1138,"date":"2018-12-14T10:29:40","date_gmt":"2018-12-14T13:29:40","guid":{"rendered":"http:\/\/www.curimapu.com\/semillas\/?page_id=1138"},"modified":"2022-04-25T19:26:07","modified_gmt":"2022-04-25T22:26:07","slug":"rse","status":"publish","type":"page","link":"https:\/\/www.curimapu.com\/semillas\/rse\/","title":{"rendered":"RSE"},"content":{"rendered":"<p>[vc_row full_width=\u00bbstretch_row\u00bb enable_overlay=\u00bbenable_overlay_value\u00bb overlay_color=\u00bbrgba(0,0,0,0.37)\u00bb vc_row_background=\u00bb\u00bb css=\u00bb.vc_custom_1650925552050{padding-bottom: 40px !important;background-image: url(https:\/\/www.curimapu.com\/curiagro\/wp-content\/uploads\/2022\/04\/2-1-scaled.jpg?id=401) !important;background-position: center !important;background-repeat: no-repeat !important;background-size: cover !important;}\u00bb el_id=\u00bbrse\u00bb][vc_column][vc_custom_heading text=\u00bbResponsabilidad Social Corporativa\u00bb font_container=\u00bbtag:h2|font_size:40px|text_align:center|color:%23ffffff\u00bb google_fonts=\u00bbfont_family:Fira%20Sans%3A300%2C300italic%2C400%2C400italic%2C500%2C500italic%2C700%2C700italic|font_style:700%20bold%20italic%3A700%3Aitalic\u00bb][vc_row_inner content_placement=\u00bbmiddle\u00bb css=\u00bb.vc_custom_1650907473470{padding-top: 10px !important;padding-bottom: 10px !important;background-color: rgba(255,255,255,0.1) !important;*background-color: rgb(255,255,255) !important;}\u00bb][vc_column_inner width=\u00bb1\/4&#8243;][vc_single_image image=\u00bb1607&#8243; img_size=\u00bb200&#215;200&#8243; alignment=\u00bbcenter\u00bb style=\u00bbvc_box_shadow\u00bb onclick=\u00bblink_image\u00bb][\/vc_column_inner][vc_column_inner width=\u00bb3\/4&#8243;][vc_custom_heading text=\u00bbCompa\u00f1\u00eda de Bomberos de Bulnes\u00bb font_container=\u00bbtag:h2|font_size:21px|text_align:left|color:%23ffffff\u00bb google_fonts=\u00bbfont_family:Fira%20Sans%3A300%2C300italic%2C400%2C400italic%2C500%2C500italic%2C700%2C700italic|font_style:700%20bold%20italic%3A700%3Aitalic\u00bb][vc_column_text]<span style=\"color: #ffffff;\">Curimapu est\u00e1 comprometido con la regi\u00f3n de \u00d1uble, ofreciendo su ayuda y aportando a diversas instituciones municipales. Entre estas se destaca la compa\u00f1\u00eda de bomberos de Bulnes, organizaci\u00f3n con la cual colaboramos hace ya 4 a\u00f1os.<\/span>[\/vc_column_text][\/vc_column_inner][\/vc_row_inner][vc_row_inner content_placement=\u00bbmiddle\u00bb css=\u00bb.vc_custom_1650907534514{margin-top: 20px !important;padding-top: 10px !important;padding-bottom: 10px !important;background-color: rgba(255,255,255,0.1) !important;*background-color: rgb(255,255,255) !important;}\u00bb][vc_column_inner width=\u00bb1\/4&#8243;][vc_single_image image=\u00bb1606&#8243; img_size=\u00bb200&#215;200&#8243; alignment=\u00bbcenter\u00bb style=\u00bbvc_box_shadow\u00bb onclick=\u00bblink_image\u00bb][\/vc_column_inner][vc_column_inner width=\u00bb3\/4&#8243;][vc_custom_heading text=\u00bbClub deportivo \u00d1ublense\u00bb font_container=\u00bbtag:h2|font_size:21px|text_align:left|color:%23ffffff\u00bb google_fonts=\u00bbfont_family:Fira%20Sans%3A300%2C300italic%2C400%2C400italic%2C500%2C500italic%2C700%2C700italic|font_style:700%20bold%20italic%3A700%3Aitalic\u00bb][vc_column_text]<span style=\"color: #ffffff;\">Curimapu es sponsor oficial del club deportivo \u00d1ublense, equipo de f\u00fatbol profesional de la regi\u00f3n, y se hace presente en los eventos de responsabilidad social organizados por este club.<\/span><\/p>\n<p>[\/vc_column_text][\/vc_column_inner][\/vc_row_inner][vc_row_inner content_placement=\u00bbmiddle\u00bb css=\u00bb.vc_custom_1650907517014{margin-top: 20px !important;padding-top: 10px !important;padding-bottom: 10px !important;background-color: rgba(255,255,255,0.1) !important;*background-color: rgb(255,255,255) !important;}\u00bb][vc_column_inner width=\u00bb1\/4&#8243;][vc_single_image image=\u00bb1605&#8243; img_size=\u00bb200&#215;200&#8243; alignment=\u00bbcenter\u00bb style=\u00bbvc_box_shadow\u00bb onclick=\u00bblink_image\u00bb][\/vc_column_inner][vc_column_inner width=\u00bb3\/4&#8243;][vc_custom_heading text=\u00bbTodo \u00d1uble cuida el agua\u00bb font_container=\u00bbtag:h2|font_size:21px|text_align:left|color:%23ffffff\u00bb google_fonts=\u00bbfont_family:Fira%20Sans%3A300%2C300italic%2C400%2C400italic%2C500%2C500italic%2C700%2C700italic|font_style:700%20bold%20italic%3A700%3Aitalic\u00bb][vc_column_text]<span style=\"color: #ffffff;\">Curimapu forma parte de la campa\u00f1a \u201ctodo \u00d1uble cuida el agua\u201d organizado por La Discusi\u00f3n, que tiene como misi\u00f3n promover el uso sustentable de este recurso.<\/span>[\/vc_column_text][\/vc_column_inner][\/vc_row_inner][vc_row_inner content_placement=\u00bbmiddle\u00bb css=\u00bb.vc_custom_1650907496817{margin-top: 20px !important;padding-top: 10px !important;padding-bottom: 10px !important;background-color: rgba(255,255,255,0.1) !important;*background-color: rgb(255,255,255) !important;}\u00bb][vc_column_inner width=\u00bb1\/4&#8243;][vc_single_image image=\u00bb1604&#8243; img_size=\u00bb200&#215;200&#8243; alignment=\u00bbcenter\u00bb style=\u00bbvc_box_shadow\u00bb onclick=\u00bblink_image\u00bb][\/vc_column_inner][vc_column_inner width=\u00bb3\/4&#8243;][vc_custom_heading text=\u00bbHogar de Ancianos de Santa Clara\u00bb font_container=\u00bbtag:h2|font_size:21px|text_align:left|color:%23ffffff\u00bb google_fonts=\u00bbfont_family:Fira%20Sans%3A300%2C300italic%2C400%2C400italic%2C500%2C500italic%2C700%2C700italic|font_style:700%20bold%20italic%3A700%3Aitalic\u00bb][vc_column_text]<span style=\"color: #ffffff;\">Nuestra colaboraci\u00f3n con el hogar de ancianos de Santa Clara ha permitido a esta instituci\u00f3n realizar grandes modificaciones estructurales. Adem\u00e1s realizamos varias celebraciones y desayunos con los residentes a lo largo del a\u00f1o para compartir con ellos y ofrecer de nuestra compa\u00f1\u00eda.<\/span>[\/vc_column_text][\/vc_column_inner][\/vc_row_inner][\/vc_column][\/vc_row][vc_row full_width=\u00bbstretch_row\u00bb enable_overlay=\u00bbenable_overlay_value\u00bb overlay_color=\u00bbrgba(255,255,255,0.87)\u00bb vc_row_background=\u00bb\u00bb css=\u00bb.vc_custom_1650925288393{padding-bottom: 30px !important;background-image: url(https:\/\/www.curimapu.com\/curiagro\/wp-content\/uploads\/2022\/04\/BBVA-sostenibilidad-Certificacion-GLOBALGAP.webp?id=406) !important;background-position: center !important;background-repeat: no-repeat !important;background-size: cover !important;}\u00bb el_id=\u00bbseguridad\u00bb][vc_column][vc_custom_heading text=\u00bb\u00c1rea Seguridad\u00bb font_container=\u00bbtag:h2|font_size:40px|text_align:center\u00bb google_fonts=\u00bbfont_family:Fira%20Sans%3A300%2C300italic%2C400%2C400italic%2C500%2C500italic%2C700%2C700italic|font_style:700%20bold%20italic%3A700%3Aitalic\u00bb][vc_row_inner content_placement=\u00bbmiddle\u00bb][vc_column_inner width=\u00bb2\/3&#8243;][vc_column_text]<\/p>\n<div>Lineamientos seguridad Curimapu<\/div>\n<p>[\/vc_column_text][vc_column_text]<\/p>\n<ul>\n<li style=\"text-align: justify;\">Aseguramiento contratista: Curimapu se asegura de que sus empresas contratistas se rijan por la ley 20123, velando siempre por el bienestar y seguridad de los trabajadores.<\/li>\n<li style=\"text-align: justify;\">Seguridad en planta: La seguridad dentro de las instalaciones de Curimapu es prioridad, por lo mismo contamos con un equipo de Prevenci\u00f3n de riesgos, quienes se cercioran de que todas las instalaciones cumplan con los reglamentos correspondientes para asegurar\u00a0 no solo el correcto funcionamiento de todos los procesos sino que la seguridad de todos nuestros trabajadores.<\/li>\n<li style=\"text-align: justify;\">HSE en campo: El trabajo en campo conlleva una serie de riesgos asociados a las condiciones clim\u00e1ticas, por lo que nuestros agr\u00f3nomos ponen su seguridad y la de aquellos trabajadores en campo como prioridad.<\/li>\n<li>Buen ciudadano: Curimapu contribuye a la seguridad de nuestros vecinos, siguiendo todas las normativas y tomando las precauciones necesarias cuando es momento de aplicaciones o trabajos con maquinaria en el campo.<\/li>\n<\/ul>\n<p>[\/vc_column_text][\/vc_column_inner][vc_column_inner width=\u00bb1\/3&#8243;][vc_single_image image=\u00bb873&#8243; img_size=\u00bbfull\u00bb alignment=\u00bbcenter\u00bb][\/vc_column_inner][\/vc_row_inner][\/vc_column][\/vc_row][vc_row full_width=\u00bbstretch_row\u00bb content_placement=\u00bbmiddle\u00bb vc_row_background=\u00bb\u00bb css=\u00bb.vc_custom_1650909137707{padding-top: 20px !important;padding-right: 20px !important;padding-bottom: 20px !important;padding-left: 20px !important;background-image: url(https:\/\/www.curimapu.com\/curiagro\/wp-content\/uploads\/2022\/04\/wallpaperbetter.com_1920x1080.jpg?id=403) !important;background-position: center !important;background-repeat: no-repeat !important;background-size: cover !important;}\u00bb][vc_column width=\u00bb2\/3&#8243;][vc_column_text]<strong><span style=\"color: #ffffff;\">Porque Cada Gota Cuenta,\u00a0<\/span> <span style=\"color: #99ccff;\">Cuidemos el agua\u00a0<\/span><\/strong>[\/vc_column_text][\/vc_column][vc_column width=\u00bb1\/3&#8243;][vc_btn title=\u00bbInformaci\u00f3n\u00bb style=\u00bb3d\u00bb shape=\u00bbsquare\u00bb color=\u00bbblack\u00bb align=\u00bbcenter\u00bb i_icon_fontawesome=\u00bbfas fa-tint\u00bb add_icon=\u00bbtrue\u00bb link=\u00bburl:http%3A%2F%2Fwww.todonublecuidaelagua.cl%2F|||\u00bb][\/vc_column][\/vc_row]<\/p>\n","protected":false},"excerpt":{"rendered":"<p>[vc_row full_width=\u00bbstretch_row\u00bb enable_overlay=\u00bbenable_overlay_value\u00bb overlay_color=\u00bbrgba(0,0,0,0.37)\u00bb vc_row_background=\u00bb\u00bb css=\u00bb.vc_custom_1650925552050{padding-bottom: 40px !important;background-image: url(https:\/\/www.curimapu.com\/curiagro\/wp-content\/uploads\/2022\/04\/2-1-scaled.jpg?id=401) !important;background-position: center !important;background-repeat: no-repeat !important;background-size: cover !important;}\u00bb el_id=\u00bbrse\u00bb][vc_column][vc_custom_heading text=\u00bbResponsabilidad Social Corporativa\u00bb font_container=\u00bbtag:h2|font_size:40px|text_align:center|color:%23ffffff\u00bb google_fonts=\u00bbfont_family:Fira%20Sans%3A300%2C300italic%2C400%2C400italic%2C500%2C500italic%2C700%2C700italic|font_style:700%20bold%20italic%3A700%3Aitalic\u00bb][vc_row_inner content_placement=\u00bbmiddle\u00bb css=\u00bb.vc_custom_1650907473470{padding-top: 10px !important;padding-bottom: 10px !important;background-color: rgba(255,255,255,0.1) !important;*background-color: rgb(255,255,255) !important;}\u00bb][vc_column_inner width=\u00bb1\/4&#8243;][vc_single_image image=\u00bb1607&#8243; img_size=\u00bb200&#215;200&#8243; alignment=\u00bbcenter\u00bb style=\u00bbvc_box_shadow\u00bb onclick=\u00bblink_image\u00bb][\/vc_column_inner][vc_column_inner width=\u00bb3\/4&#8243;][vc_custom_heading text=\u00bbCompa\u00f1\u00eda de Bomberos de Bulnes\u00bb font_container=\u00bbtag:h2|font_size:21px|text_align:left|color:%23ffffff\u00bb google_fonts=\u00bbfont_family:Fira%20Sans%3A300%2C300italic%2C400%2C400italic%2C500%2C500italic%2C700%2C700italic|font_style:700%20bold%20italic%3A700%3Aitalic\u00bb][vc_column_text]Curimapu est\u00e1 comprometido con la regi\u00f3n de \u00d1uble, ofreciendo su [&hellip;]<\/p>\n","protected":false},"author":1,"featured_media":0,"parent":0,"menu_order":0,"comment_status":"closed","ping_status":"closed","template":"","meta":{"om_disable_all_campaigns":false},"aioseo_notices":[],"_links":{"self":[{"href":"https:\/\/www.curimapu.com\/semillas\/wp-json\/wp\/v2\/pages\/1138"}],"collection":[{"href":"https:\/\/www.curimapu.com\/semillas\/wp-json\/wp\/v2\/pages"}],"about":[{"href":"https:\/\/www.curimapu.com\/semillas\/wp-json\/wp\/v2\/types\/page"}],"author":[{"embeddable":true,"href":"https:\/\/www.curimapu.com\/semillas\/wp-json\/wp\/v2\/users\/1"}],"replies":[{"embeddable":true,"href":"https:\/\/www.curimapu.com\/semillas\/wp-json\/wp\/v2\/comments?post=1138"}],"version-history":[{"count":21,"href":"https:\/\/www.curimapu.com\/semillas\/wp-json\/wp\/v2\/pages\/1138\/revisions"}],"predecessor-version":[{"id":1608,"href":"https:\/\/www.curimapu.com\/semillas\/wp-json\/wp\/v2\/pages\/1138\/revisions\/1608"}],"wp:attachment":[{"href":"https:\/\/www.curimapu.com\/semillas\/wp-json\/wp\/v2\/media?parent=1138"}],"curies":[{"name":"wp","href":"https:\/\/api.w.org\/{rel}","templated":true}]}}