{"id":195,"date":"2018-09-30T14:22:25","date_gmt":"2018-09-30T14:22:25","guid":{"rendered":"https:\/\/www.curimapu.com\/curiagro\/contact\/"},"modified":"2020-01-19T23:32:01","modified_gmt":"2020-01-19T23:32:01","slug":"hse","status":"publish","type":"page","link":"https:\/\/www.curimapu.com\/curiagro\/hse\/","title":{"rendered":"HSE"},"content":{"rendered":"<p>[vc_row vc_row_background=\u00bb\u00bb][vc_column][vc_custom_heading text=\u00bbRSE\u00bb font_container=\u00bbtag:h2|font_size:40px|text_align:center\u00bb google_fonts=\u00bbfont_family:Fira%20Sans%3A300%2C300italic%2C400%2C400italic%2C500%2C500italic%2C700%2C700italic|font_style:700%20bold%20italic%3A700%3Aitalic\u00bb][\/vc_column][\/vc_row][vc_row css_animation=\u00bbnone\u00bb vc_row_background=\u00bb\u00bb][vc_column css_animation=\u00bbfadeInLeft\u00bb width=\u00bb1\/4&#8243; css=\u00bb.vc_custom_1574347292873{margin-bottom: 0px !important;border-bottom-width: 0px !important;padding-bottom: 0px !important;}\u00bb][vc_single_image image=\u00bb355&#8243; img_size=\u00bbfull\u00bb alignment=\u00bbcenter\u00bb style=\u00bbvc_box_circle_2&#8243;][vc_column_text]<strong>Compa\u00f1\u00eda de Bomberos de Bulnes<\/strong><\/p>\n<p>Curimapu est\u00e1 comprometido con la regi\u00f3n de \u00d1uble, ofreciendo su ayuda y aportando a diversas instituciones municipales. Entre estas se destaca la compa\u00f1\u00eda de bomberos de Bulnes, organizaci\u00f3n con la cual colaboramos hace ya 4 a\u00f1os.[\/vc_column_text][\/vc_column][vc_column css_animation=\u00bbfadeInLeft\u00bb width=\u00bb1\/4&#8243;][vc_single_image image=\u00bb356&#8243; img_size=\u00bbfull\u00bb alignment=\u00bbcenter\u00bb style=\u00bbvc_box_circle_2&#8243;][vc_column_text]<strong>Hogar de Ancianos de Santa Clara<\/strong><\/p>\n<p>Nuestra colaboraci\u00f3n con el hogar de ancianos de Santa Clara ha permitido a esta instituci\u00f3n realizar grandes modificaciones estructurales. Adem\u00e1s realizamos varias celebraciones y desayunos con los residentes a lo largo del a\u00f1o para compartir con ellos y ofrecer de nuestra compa\u00f1\u00eda.[\/vc_column_text][\/vc_column][vc_column css_animation=\u00bbfadeInLeft\u00bb width=\u00bb1\/4&#8243;][vc_single_image image=\u00bb357&#8243; img_size=\u00bbfull\u00bb alignment=\u00bbcenter\u00bb style=\u00bbvc_box_circle_2&#8243;][vc_column_text]<strong>Todo \u00d1uble cuida el agua<\/strong><\/p>\n<p>Curimapu forma parte de la campa\u00f1a \u201ctodo \u00d1uble cuida el agua\u201d organizado por La Discusi\u00f3n, que tiene como misi\u00f3n promover el uso sustentable de este recurso.[\/vc_column_text][\/vc_column][vc_column css_animation=\u00bbfadeInLeft\u00bb width=\u00bb1\/4&#8243;][vc_single_image image=\u00bb358&#8243; img_size=\u00bbfull\u00bb alignment=\u00bbcenter\u00bb style=\u00bbvc_box_circle_2&#8243;][vc_column_text]<strong>Club deportivo \u00d1ublense<\/strong><\/p>\n<p>Curimapu es sponsor oficial del club deportivo \u00d1ublense, equipo de f\u00fatbol profesional de la regi\u00f3n, y se hace presente en los eventos de responsabilidad social organizados por este club.[\/vc_column_text][\/vc_column][\/vc_row][vc_row vc_row_background=\u00bb\u00bb][vc_column][vc_custom_heading text=\u00bb\u00c1rea Seguridad\u00bb font_container=\u00bbtag:h2|font_size:40px|text_align:center\u00bb google_fonts=\u00bbfont_family:Fira%20Sans%3A300%2C300italic%2C400%2C400italic%2C500%2C500italic%2C700%2C700italic|font_style:700%20bold%20italic%3A700%3Aitalic\u00bb][\/vc_column][\/vc_row][vc_row css_animation=\u00bbnone\u00bb vc_row_background=\u00bb\u00bb][vc_column][vc_column_text]<\/p>\n<div>Lineamientos seguridad Curimapu<\/div>\n<p>[\/vc_column_text][\/vc_column][vc_column css_animation=\u00bbfadeInLeft\u00bb width=\u00bb2\/3&#8243; css=\u00bb.vc_custom_1544792146134{margin-bottom: 0px !important;border-bottom-width: 0px !important;padding-bottom: 0px !important;}\u00bb][vc_column_text]<\/p>\n<ul>\n<li style=\"text-align: justify;\">Aseguramiento contratista: Curimapu se asegura de que sus empresas contratistas se rijan por la ley 20123, velando siempre por el bienestar y seguridad de los trabajadores.<\/li>\n<li style=\"text-align: justify;\">Seguridad en planta: La seguridad dentro de las instalaciones de Curimapu es prioridad, por lo mismo contamos con un equipo de Prevenci\u00f3n de riesgos, quienes se cercioran de que todas las instalaciones cumplan con los reglamentos correspondientes para asegurar\u00a0 no solo el correcto funcionamiento de todos los procesos sino que la seguridad de todos nuestros trabajadores.<\/li>\n<li style=\"text-align: justify;\">HSE en campo: El trabajo en campo conlleva una serie de riesgos asociados a las condiciones clim\u00e1ticas, por lo que nuestros agr\u00f3nomos ponen su seguridad y la de aquellos trabajadores en campo como prioridad.<\/li>\n<li>Buen ciudadano: Curimapu contribuye a la seguridad de nuestros vecinos, siguiendo todas las normativas y tomando las precauciones necesarias cuando es momento de aplicaciones o trabajos con maquinaria en el campo.<\/li>\n<\/ul>\n<p>[\/vc_column_text][\/vc_column][vc_column css_animation=\u00bbfadeInRight\u00bb width=\u00bb1\/3&#8243;][vc_empty_space height=\u00bb20px\u00bb][vc_single_image image=\u00bb263&#8243; img_size=\u00bbfull\u00bb alignment=\u00bbcenter\u00bb][\/vc_column][vc_column][vc_empty_space][vc_empty_space][\/vc_column][\/vc_row][vc_row vc_row_background=\u00bb\u00bb css=\u00bb.vc_custom_1544798841705{padding-top: 20px !important;padding-right: 20px !important;padding-bottom: 20px !important;padding-left: 20px !important;background-color: #6394bf !important;border-radius: 5px !important;}\u00bb][vc_column width=\u00bb2\/3&#8243;][vc_column_text]<\/p>\n<h3><strong><span style=\"color: #ffffff;\">Porque Cada Gota Cuenta,\u00a0<\/span> <span style=\"color: #99ccff;\">Cuidemos el agua\u00a0<\/span><\/strong><\/h3>\n<p>[\/vc_column_text][\/vc_column][vc_column width=\u00bb1\/3&#8243;][vc_row_inner][vc_column_inner width=\u00bb1\/2&#8243;][vc_empty_space height=\u00bb20px\u00bb][vc_btn title=\u00bbInformaci\u00f3n\u00bb color=\u00bbsky\u00bb i_icon_fontawesome=\u00bbfa fa-plus\u00bb add_icon=\u00bbtrue\u00bb link=\u00bburl:http%3A%2F%2Fwww.todonublecuidaelagua.cl%2F|||\u00bb][\/vc_column_inner][vc_column_inner width=\u00bb1\/2&#8243;][vc_column_text]<img loading=\"lazy\" class=\"size-full wp-image-1152 alignleft\" src=\"https:\/\/www.curimapu.com\/semillas\/wp-content\/uploads\/2018\/12\/grifo.png\" alt=\"\" width=\"64\" height=\"64\" \/>[\/vc_column_text][\/vc_column_inner][\/vc_row_inner][\/vc_column][\/vc_row][vc_row][vc_column][vc_empty_space][\/vc_column][\/vc_row][vc_row css_animation=\u00bbfadeIn\u00bb disable_element=\u00bbyes\u00bb vc_row_background=\u00bb\u00bb][vc_column width=\u00bb1\/4&#8243;][vc_icon type=\u00bblinecons\u00bb icon_linecons=\u00bbvc_li vc_li-phone\u00bb color=\u00bbcustom\u00bb size=\u00bblg\u00bb align=\u00bbcenter\u00bb css=\u00bb.vc_custom_1542721655258{margin-bottom: 15px !important;}\u00bb custom_color=\u00bb#e62327&#8243;][vc_custom_heading text=\u00bb<strong>Tel\u00e9fono<\/strong>\u00bb font_container=\u00bbtag:h3|font_size:18px|text_align:center\u00bb use_theme_fonts=\u00bbyes\u00bb][vc_custom_heading text=\u00bb+56 42 2500280&#8243; font_container=\u00bbtag:p|text_align:center\u00bb use_theme_fonts=\u00bbyes\u00bb][\/vc_column][vc_column width=\u00bb1\/4&#8243;][vc_icon type=\u00bblinecons\u00bb icon_linecons=\u00bbvc_li vc_li-location\u00bb color=\u00bbcustom\u00bb size=\u00bblg\u00bb align=\u00bbcenter\u00bb css=\u00bb.vc_custom_1542721676951{margin-bottom: 15px !important;}\u00bb custom_color=\u00bb#e62327&#8243;][vc_custom_heading text=\u00bb<strong>Ubicacion<\/strong>\u00bb font_container=\u00bbtag:h3|font_size:18px|text_align:center\u00bb use_theme_fonts=\u00bbyes\u00bb][vc_custom_heading text=\u00bbSan Luis de Cerrillos \u2013 Bulnes\u00bb font_container=\u00bbtag:p|text_align:center\u00bb use_theme_fonts=\u00bbyes\u00bb][\/vc_column][vc_column width=\u00bb1\/4&#8243;][vc_icon type=\u00bblinecons\u00bb icon_linecons=\u00bbvc_li vc_li-mail\u00bb color=\u00bbcustom\u00bb size=\u00bblg\u00bb align=\u00bbcenter\u00bb css=\u00bb.vc_custom_1542721687253{margin-bottom: 15px !important;}\u00bb custom_color=\u00bb#e62327&#8243;][vc_custom_heading text=\u00bb<strong>Contacto<\/strong>\u00bb font_container=\u00bbtag:h3|font_size:18px|text_align:center\u00bb use_theme_fonts=\u00bbyes\u00bb][vc_custom_heading text=\u00bbinfo@curimapu.com\u00bb font_container=\u00bbtag:p|text_align:center\u00bb use_theme_fonts=\u00bbyes\u00bb][\/vc_column][vc_column width=\u00bb1\/4&#8243;][vc_icon type=\u00bblinecons\u00bb icon_linecons=\u00bbvc_li vc_li-like\u00bb color=\u00bbcustom\u00bb size=\u00bblg\u00bb align=\u00bbcenter\u00bb css=\u00bb.vc_custom_1542721696085{margin-bottom: 15px !important;}\u00bb custom_color=\u00bb#e62327&#8243;][vc_custom_heading text=\u00bb<strong>Sociales<\/strong>\u00bb font_container=\u00bbtag:h3|font_size:18px|text_align:center\u00bb use_theme_fonts=\u00bbyes\u00bb][vc_custom_heading text=\u00bb@curimapu\u00bb font_container=\u00bbtag:p|text_align:center\u00bb use_theme_fonts=\u00bbyes\u00bb][\/vc_column][\/vc_row]<\/p>\n","protected":false},"excerpt":{"rendered":"<p>[vc_row vc_row_background=\u00bb\u00bb][vc_column][vc_custom_heading text=\u00bbRSE\u00bb font_container=\u00bbtag:h2|font_size:40px|text_align:center\u00bb google_fonts=\u00bbfont_family:Fira%20Sans%3A300%2C300italic%2C400%2C400italic%2C500%2C500italic%2C700%2C700italic|font_style:700%20bold%20italic%3A700%3Aitalic\u00bb][\/vc_column][\/vc_row][vc_row css_animation=\u00bbnone\u00bb vc_row_background=\u00bb\u00bb][vc_column css_animation=\u00bbfadeInLeft\u00bb width=\u00bb1\/4&#8243; css=\u00bb.vc_custom_1574347292873{margin-bottom: 0px !important;border-bottom-width: 0px !important;padding-bottom: 0px !important;}\u00bb][vc_single_image image=\u00bb355&#8243; img_size=\u00bbfull\u00bb alignment=\u00bbcenter\u00bb style=\u00bbvc_box_circle_2&#8243;][vc_column_text]Compa\u00f1\u00eda de Bomberos de Bulnes Curimapu est\u00e1 comprometido con la regi\u00f3n de \u00d1uble, ofreciendo su ayuda y aportando a diversas instituciones municipales. Entre estas se destaca la compa\u00f1\u00eda de bomberos de Bulnes, organizaci\u00f3n con la cual [&hellip;]<\/p>\n","protected":false},"author":1,"featured_media":0,"parent":0,"menu_order":0,"comment_status":"closed","ping_status":"closed","template":"template-builder.php","meta":[],"_links":{"self":[{"href":"https:\/\/www.curimapu.com\/curiagro\/wp-json\/wp\/v2\/pages\/195"}],"collection":[{"href":"https:\/\/www.curimapu.com\/curiagro\/wp-json\/wp\/v2\/pages"}],"about":[{"href":"https:\/\/www.curimapu.com\/curiagro\/wp-json\/wp\/v2\/types\/page"}],"author":[{"embeddable":true,"href":"https:\/\/www.curimapu.com\/curiagro\/wp-json\/wp\/v2\/users\/1"}],"replies":[{"embeddable":true,"href":"https:\/\/www.curimapu.com\/curiagro\/wp-json\/wp\/v2\/comments?post=195"}],"version-history":[{"count":5,"href":"https:\/\/www.curimapu.com\/curiagro\/wp-json\/wp\/v2\/pages\/195\/revisions"}],"predecessor-version":[{"id":359,"href":"https:\/\/www.curimapu.com\/curiagro\/wp-json\/wp\/v2\/pages\/195\/revisions\/359"}],"wp:attachment":[{"href":"https:\/\/www.curimapu.com\/curiagro\/wp-json\/wp\/v2\/media?parent=195"}],"curies":[{"name":"wp","href":"https:\/\/api.w.org\/{rel}","templated":true}]}}